{"id":77,"date":"2019-01-26T15:53:38","date_gmt":"2019-01-26T14:53:38","guid":{"rendered":"http:\/\/www.hanssteinmeier.de\/auftrittscoaching\/?page_id=77"},"modified":"2025-09-06T12:47:21","modified_gmt":"2025-09-06T10:47:21","slug":"coaching-fuer-buehnen-casting","status":"publish","type":"page","link":"http:\/\/www.hanssteinmeier.de\/auftrittscoaching\/coaching-fuer-buehnen-casting\/","title":{"rendered":"Coaching f\u00fcr B\u00fchnen-Casting"},"content":{"rendered":"<p><strong>(Theater, Musical, Film, TV-Formate)<\/strong><\/p>\n<p>Das Casting f\u00fcr eine Rolle am Theater, im Musical oder sogar f\u00fcr Film- oder TV-Auftritte ist aus der Tradition heraus eine Herausforderung der besonderen Art. <a href=\"http:\/\/www.hanssteinmeier.de\/auftrittscoaching\/wp-content\/uploads\/PhotobyVinceGasparonUnsplash-kl-sw.jpg\"><img loading=\"lazy\" decoding=\"async\" class=\"alignright wp-image-176 \" src=\"http:\/\/www.hanssteinmeier.de\/auftrittscoaching\/wp-content\/uploads\/PhotobyVinceGasparonUnsplash-kl-sw-300x197.jpg\" alt=\"\" width=\"206\" height=\"160\" \/><\/a>Oft entscheidet sich innerhalb weniger Augenblicke, ob wir zu einer weiteren Runde eingeladen werden. Viele Menschen nehmen aus Angst oder dysfunktionaler Vorausahnung, erst gar nicht an Castings teil. Oft beherrschen k\u00f6rperliche Symptome die Situation und verhindern eine m\u00f6gliche Bestleistung. Es kann sich daher nur positiv auswirken, wenn wir uns wohl f\u00fchlen, wenn unser Aufmerksamkeitsfokus w\u00e4hrend des Castings ausschlie\u00dflich auf die Sache selbst gerichtet ist. Die Kunst des Ausblendens \u00e4u\u00dferer Gegebenheiten und die Konzentration auf den eigentlichen k\u00fcnstlerischen Prozess ist vermittelbar und erlernbar.<\/p>\n<ul>\n<li>Was ben\u00f6tige ich, um mich bei Castings wohl und sicher zu f\u00fchlen?<\/li>\n<li>Wie wurde bisher mit Casting-Stress umgegangen und wie ist es dazu gekommen?<\/li>\n<li>Wodurch wurden fr\u00fchere negative Erfahrungen konserviert und wie k\u00f6nnen diese Erfahrungen aufgel\u00f6st und neu bewertet werden?<\/li>\n<li>Wie kann ich selbstwirksam Methoden zur Stress- und Emotionsregulation anwenden?<\/li>\n<li>Welche m\u00f6glichen dys- oder parafunktionalen Glaubenss\u00e4tze k\u00f6nnen eine Rolle spielen?<\/li>\n<li>Wie k\u00f6nnen diese negativen Glaubenss\u00e4tze in selbstwertstabilisierende und leistungssteigernde Affirmationen transformiert werden?<\/li>\n<li>Wie kann ich durch mentale und imaginative Methoden bei zuk\u00fcnftigen Castings sicherer auftreten?<\/li>\n<li>Wie fokussiere ich mich auf den eigentlichen Auftrittsprozess?<\/li>\n<li>Wie optimiere ich meine innere Haltung in Bezug auf Leistungs- und Perfektionsanspruch?<\/li>\n<li>Wie verbessere ich meine innere Haltung in Bezug auf Fehler?<\/li>\n<li>Wie gehe ich mit meinen inneren Stimmen um?<\/li>\n<\/ul>\n<hr \/>\n<p><small>Photo by Vince Gaspar on <a href=\"https:\/\/unsplash.com\">Unsplash<\/a><\/small><\/p>\n","protected":false},"excerpt":{"rendered":"<p>(Theater, Musical, Film, TV-Formate) Das Casting f\u00fcr eine Rolle am Theater, im Musical oder sogar f\u00fcr Film- oder TV-Auftritte ist aus der Tradition heraus eine Herausforderung der besonderen Art. Oft entscheidet sich innerhalb weniger Augenblicke, ob wir zu einer weiteren &hellip; <a href=\"http:\/\/www.hanssteinmeier.de\/auftrittscoaching\/coaching-fuer-buehnen-casting\/\">Weiterlesen <span class=\"meta-nav\">&rarr;<\/span><\/a><\/p>\n","protected":false},"author":1,"featured_media":0,"parent":0,"menu_order":0,"comment_status":"closed","ping_status":"closed","template":"sidebar-page.php","meta":{"footnotes":""},"class_list":["post-77","page","type-page","status-publish","hentry"],"yoast_head":"<!-- This site is optimized with the Yoast SEO plugin v27.4 - https:\/\/yoast.com\/product\/yoast-seo-wordpress\/ -->\n<title>Coaching f\u00fcr B\u00fchnen-Casting - Auftrittscoaching | Musikercoaching<\/title>\n<meta name=\"description\" content=\"Das Casting f\u00fcr eine Rolle am Theater, im Musical oder sogar f\u00fcr Film- oder TV-Auftritte ist aus der Tradition heraus eine Herausforderung der besonderen Art.\" \/>\n<meta name=\"robots\" content=\"index, follow, max-snippet:-1, max-image-preview:large, max-video-preview:-1\" \/>\n<link rel=\"canonical\" href=\"http:\/\/www.hanssteinmeier.de\/auftrittscoaching\/coaching-fuer-buehnen-casting\/\" \/>\n<meta property=\"og:locale\" content=\"de_DE\" \/>\n<meta property=\"og:type\" content=\"article\" \/>\n<meta property=\"og:title\" content=\"Coaching f\u00fcr B\u00fchnen-Casting - Auftrittscoaching | Musikercoaching\" \/>\n<meta property=\"og:description\" content=\"Das Casting f\u00fcr eine Rolle am Theater, im Musical oder sogar f\u00fcr Film- oder TV-Auftritte ist aus der Tradition heraus eine Herausforderung der besonderen Art.\" \/>\n<meta property=\"og:url\" content=\"http:\/\/www.hanssteinmeier.de\/auftrittscoaching\/coaching-fuer-buehnen-casting\/\" \/>\n<meta property=\"og:site_name\" content=\"Auftrittscoaching | Musikercoaching\" \/>\n<meta property=\"article:modified_time\" content=\"2025-09-06T10:47:21+00:00\" \/>\n<meta property=\"og:image\" content=\"http:\/\/www.hanssteinmeier.de\/auftrittscoaching\/wp-content\/uploads\/PhotobyVinceGasparonUnsplash-kl-sw-300x197.jpg\" \/>\n<meta name=\"twitter:card\" content=\"summary_large_image\" \/>\n<meta name=\"twitter:label1\" content=\"Gesch\u00e4tzte Lesezeit\" \/>\n\t<meta name=\"twitter:data1\" content=\"2\u00a0Minuten\" \/>\n<script type=\"application\/ld+json\" class=\"yoast-schema-graph\">{\"@context\":\"https:\\\/\\\/schema.org\",\"@graph\":[{\"@type\":\"WebPage\",\"@id\":\"http:\\\/\\\/www.hanssteinmeier.de\\\/auftrittscoaching\\\/coaching-fuer-buehnen-casting\\\/\",\"url\":\"http:\\\/\\\/www.hanssteinmeier.de\\\/auftrittscoaching\\\/coaching-fuer-buehnen-casting\\\/\",\"name\":\"Coaching f\u00fcr B\u00fchnen-Casting - Auftrittscoaching | Musikercoaching\",\"isPartOf\":{\"@id\":\"http:\\\/\\\/www.hanssteinmeier.de\\\/auftrittscoaching\\\/#website\"},\"primaryImageOfPage\":{\"@id\":\"http:\\\/\\\/www.hanssteinmeier.de\\\/auftrittscoaching\\\/coaching-fuer-buehnen-casting\\\/#primaryimage\"},\"image\":{\"@id\":\"http:\\\/\\\/www.hanssteinmeier.de\\\/auftrittscoaching\\\/coaching-fuer-buehnen-casting\\\/#primaryimage\"},\"thumbnailUrl\":\"http:\\\/\\\/www.hanssteinmeier.de\\\/auftrittscoaching\\\/wp-content\\\/uploads\\\/PhotobyVinceGasparonUnsplash-kl-sw-300x197.jpg\",\"datePublished\":\"2019-01-26T14:53:38+00:00\",\"dateModified\":\"2025-09-06T10:47:21+00:00\",\"description\":\"Das Casting f\u00fcr eine Rolle am Theater, im Musical oder sogar f\u00fcr Film- oder TV-Auftritte ist aus der Tradition heraus eine Herausforderung der besonderen Art.\",\"breadcrumb\":{\"@id\":\"http:\\\/\\\/www.hanssteinmeier.de\\\/auftrittscoaching\\\/coaching-fuer-buehnen-casting\\\/#breadcrumb\"},\"inLanguage\":\"de\",\"potentialAction\":[{\"@type\":\"ReadAction\",\"target\":[\"http:\\\/\\\/www.hanssteinmeier.de\\\/auftrittscoaching\\\/coaching-fuer-buehnen-casting\\\/\"]}]},{\"@type\":\"ImageObject\",\"inLanguage\":\"de\",\"@id\":\"http:\\\/\\\/www.hanssteinmeier.de\\\/auftrittscoaching\\\/coaching-fuer-buehnen-casting\\\/#primaryimage\",\"url\":\"http:\\\/\\\/www.hanssteinmeier.de\\\/auftrittscoaching\\\/wp-content\\\/uploads\\\/PhotobyVinceGasparonUnsplash-kl-sw.jpg\",\"contentUrl\":\"http:\\\/\\\/www.hanssteinmeier.de\\\/auftrittscoaching\\\/wp-content\\\/uploads\\\/PhotobyVinceGasparonUnsplash-kl-sw.jpg\",\"width\":800,\"height\":525},{\"@type\":\"BreadcrumbList\",\"@id\":\"http:\\\/\\\/www.hanssteinmeier.de\\\/auftrittscoaching\\\/coaching-fuer-buehnen-casting\\\/#breadcrumb\",\"itemListElement\":[{\"@type\":\"ListItem\",\"position\":1,\"name\":\"Startseite\",\"item\":\"http:\\\/\\\/www.hanssteinmeier.de\\\/auftrittscoaching\\\/\"},{\"@type\":\"ListItem\",\"position\":2,\"name\":\"Coaching f\u00fcr B\u00fchnen-Casting\"}]},{\"@type\":\"WebSite\",\"@id\":\"http:\\\/\\\/www.hanssteinmeier.de\\\/auftrittscoaching\\\/#website\",\"url\":\"http:\\\/\\\/www.hanssteinmeier.de\\\/auftrittscoaching\\\/\",\"name\":\"Auftrittscoaching | Musikercoaching\",\"description\":\"Hans Steinmeier | Coaching, Beratung, Psychotherapie nach Heilpraktikergesetz\",\"publisher\":{\"@id\":\"http:\\\/\\\/www.hanssteinmeier.de\\\/auftrittscoaching\\\/#organization\"},\"potentialAction\":[{\"@type\":\"SearchAction\",\"target\":{\"@type\":\"EntryPoint\",\"urlTemplate\":\"http:\\\/\\\/www.hanssteinmeier.de\\\/auftrittscoaching\\\/?s={search_term_string}\"},\"query-input\":{\"@type\":\"PropertyValueSpecification\",\"valueRequired\":true,\"valueName\":\"search_term_string\"}}],\"inLanguage\":\"de\"},{\"@type\":\"Organization\",\"@id\":\"http:\\\/\\\/www.hanssteinmeier.de\\\/auftrittscoaching\\\/#organization\",\"name\":\"Auftrittscoaching | Musikercoaching\",\"url\":\"http:\\\/\\\/www.hanssteinmeier.de\\\/auftrittscoaching\\\/\",\"logo\":{\"@type\":\"ImageObject\",\"inLanguage\":\"de\",\"@id\":\"http:\\\/\\\/www.hanssteinmeier.de\\\/auftrittscoaching\\\/#\\\/schema\\\/logo\\\/image\\\/\",\"url\":\"http:\\\/\\\/www.hanssteinmeier.de\\\/auftrittscoaching\\\/wp-content\\\/uploads\\\/steinmeier_logo-27.01-tranzparent.png\",\"contentUrl\":\"http:\\\/\\\/www.hanssteinmeier.de\\\/auftrittscoaching\\\/wp-content\\\/uploads\\\/steinmeier_logo-27.01-tranzparent.png\",\"width\":188,\"height\":98,\"caption\":\"Auftrittscoaching | Musikercoaching\"},\"image\":{\"@id\":\"http:\\\/\\\/www.hanssteinmeier.de\\\/auftrittscoaching\\\/#\\\/schema\\\/logo\\\/image\\\/\"}}]}<\/script>\n<!-- \/ Yoast SEO plugin. -->","yoast_head_json":{"title":"Coaching f\u00fcr B\u00fchnen-Casting - Auftrittscoaching | Musikercoaching","description":"Das Casting f\u00fcr eine Rolle am Theater, im Musical oder sogar f\u00fcr Film- oder TV-Auftritte ist aus der Tradition heraus eine Herausforderung der besonderen Art.","robots":{"index":"index","follow":"follow","max-snippet":"max-snippet:-1","max-image-preview":"max-image-preview:large","max-video-preview":"max-video-preview:-1"},"canonical":"http:\/\/www.hanssteinmeier.de\/auftrittscoaching\/coaching-fuer-buehnen-casting\/","og_locale":"de_DE","og_type":"article","og_title":"Coaching f\u00fcr B\u00fchnen-Casting - Auftrittscoaching | Musikercoaching","og_description":"Das Casting f\u00fcr eine Rolle am Theater, im Musical oder sogar f\u00fcr Film- oder TV-Auftritte ist aus der Tradition heraus eine Herausforderung der besonderen Art.","og_url":"http:\/\/www.hanssteinmeier.de\/auftrittscoaching\/coaching-fuer-buehnen-casting\/","og_site_name":"Auftrittscoaching | Musikercoaching","article_modified_time":"2025-09-06T10:47:21+00:00","og_image":[{"url":"http:\/\/www.hanssteinmeier.de\/auftrittscoaching\/wp-content\/uploads\/PhotobyVinceGasparonUnsplash-kl-sw-300x197.jpg","type":"","width":"","height":""}],"twitter_card":"summary_large_image","twitter_misc":{"Gesch\u00e4tzte Lesezeit":"2\u00a0Minuten"},"schema":{"@context":"https:\/\/schema.org","@graph":[{"@type":"WebPage","@id":"http:\/\/www.hanssteinmeier.de\/auftrittscoaching\/coaching-fuer-buehnen-casting\/","url":"http:\/\/www.hanssteinmeier.de\/auftrittscoaching\/coaching-fuer-buehnen-casting\/","name":"Coaching f\u00fcr B\u00fchnen-Casting - Auftrittscoaching | Musikercoaching","isPartOf":{"@id":"http:\/\/www.hanssteinmeier.de\/auftrittscoaching\/#website"},"primaryImageOfPage":{"@id":"http:\/\/www.hanssteinmeier.de\/auftrittscoaching\/coaching-fuer-buehnen-casting\/#primaryimage"},"image":{"@id":"http:\/\/www.hanssteinmeier.de\/auftrittscoaching\/coaching-fuer-buehnen-casting\/#primaryimage"},"thumbnailUrl":"http:\/\/www.hanssteinmeier.de\/auftrittscoaching\/wp-content\/uploads\/PhotobyVinceGasparonUnsplash-kl-sw-300x197.jpg","datePublished":"2019-01-26T14:53:38+00:00","dateModified":"2025-09-06T10:47:21+00:00","description":"Das Casting f\u00fcr eine Rolle am Theater, im Musical oder sogar f\u00fcr Film- oder TV-Auftritte ist aus der Tradition heraus eine Herausforderung der besonderen Art.","breadcrumb":{"@id":"http:\/\/www.hanssteinmeier.de\/auftrittscoaching\/coaching-fuer-buehnen-casting\/#breadcrumb"},"inLanguage":"de","potentialAction":[{"@type":"ReadAction","target":["http:\/\/www.hanssteinmeier.de\/auftrittscoaching\/coaching-fuer-buehnen-casting\/"]}]},{"@type":"ImageObject","inLanguage":"de","@id":"http:\/\/www.hanssteinmeier.de\/auftrittscoaching\/coaching-fuer-buehnen-casting\/#primaryimage","url":"http:\/\/www.hanssteinmeier.de\/auftrittscoaching\/wp-content\/uploads\/PhotobyVinceGasparonUnsplash-kl-sw.jpg","contentUrl":"http:\/\/www.hanssteinmeier.de\/auftrittscoaching\/wp-content\/uploads\/PhotobyVinceGasparonUnsplash-kl-sw.jpg","width":800,"height":525},{"@type":"BreadcrumbList","@id":"http:\/\/www.hanssteinmeier.de\/auftrittscoaching\/coaching-fuer-buehnen-casting\/#breadcrumb","itemListElement":[{"@type":"ListItem","position":1,"name":"Startseite","item":"http:\/\/www.hanssteinmeier.de\/auftrittscoaching\/"},{"@type":"ListItem","position":2,"name":"Coaching f\u00fcr B\u00fchnen-Casting"}]},{"@type":"WebSite","@id":"http:\/\/www.hanssteinmeier.de\/auftrittscoaching\/#website","url":"http:\/\/www.hanssteinmeier.de\/auftrittscoaching\/","name":"Auftrittscoaching | Musikercoaching","description":"Hans Steinmeier | Coaching, Beratung, Psychotherapie nach Heilpraktikergesetz","publisher":{"@id":"http:\/\/www.hanssteinmeier.de\/auftrittscoaching\/#organization"},"potentialAction":[{"@type":"SearchAction","target":{"@type":"EntryPoint","urlTemplate":"http:\/\/www.hanssteinmeier.de\/auftrittscoaching\/?s={search_term_string}"},"query-input":{"@type":"PropertyValueSpecification","valueRequired":true,"valueName":"search_term_string"}}],"inLanguage":"de"},{"@type":"Organization","@id":"http:\/\/www.hanssteinmeier.de\/auftrittscoaching\/#organization","name":"Auftrittscoaching | Musikercoaching","url":"http:\/\/www.hanssteinmeier.de\/auftrittscoaching\/","logo":{"@type":"ImageObject","inLanguage":"de","@id":"http:\/\/www.hanssteinmeier.de\/auftrittscoaching\/#\/schema\/logo\/image\/","url":"http:\/\/www.hanssteinmeier.de\/auftrittscoaching\/wp-content\/uploads\/steinmeier_logo-27.01-tranzparent.png","contentUrl":"http:\/\/www.hanssteinmeier.de\/auftrittscoaching\/wp-content\/uploads\/steinmeier_logo-27.01-tranzparent.png","width":188,"height":98,"caption":"Auftrittscoaching | Musikercoaching"},"image":{"@id":"http:\/\/www.hanssteinmeier.de\/auftrittscoaching\/#\/schema\/logo\/image\/"}}]}},"_links":{"self":[{"href":"http:\/\/www.hanssteinmeier.de\/auftrittscoaching\/wp-json\/wp\/v2\/pages\/77","targetHints":{"allow":["GET"]}}],"collection":[{"href":"http:\/\/www.hanssteinmeier.de\/auftrittscoaching\/wp-json\/wp\/v2\/pages"}],"about":[{"href":"http:\/\/www.hanssteinmeier.de\/auftrittscoaching\/wp-json\/wp\/v2\/types\/page"}],"author":[{"embeddable":true,"href":"http:\/\/www.hanssteinmeier.de\/auftrittscoaching\/wp-json\/wp\/v2\/users\/1"}],"replies":[{"embeddable":true,"href":"http:\/\/www.hanssteinmeier.de\/auftrittscoaching\/wp-json\/wp\/v2\/comments?post=77"}],"version-history":[{"count":6,"href":"http:\/\/www.hanssteinmeier.de\/auftrittscoaching\/wp-json\/wp\/v2\/pages\/77\/revisions"}],"predecessor-version":[{"id":177,"href":"http:\/\/www.hanssteinmeier.de\/auftrittscoaching\/wp-json\/wp\/v2\/pages\/77\/revisions\/177"}],"wp:attachment":[{"href":"http:\/\/www.hanssteinmeier.de\/auftrittscoaching\/wp-json\/wp\/v2\/media?parent=77"}],"curies":[{"name":"wp","href":"https:\/\/api.w.org\/{rel}","templated":true}]}}