{"id":54,"date":"2019-01-26T12:39:05","date_gmt":"2019-01-26T11:39:05","guid":{"rendered":"http:\/\/www.hanssteinmeier.de\/auftrittscoaching\/?page_id=54"},"modified":"2025-09-06T19:39:49","modified_gmt":"2025-09-06T17:39:49","slug":"ueber-mich","status":"publish","type":"page","link":"http:\/\/www.hanssteinmeier.de\/auftrittscoaching\/ueber-mich\/","title":{"rendered":"\u00dcber mich"},"content":{"rendered":"<p>Als zweifach diplomierter Musiker und Hochschuldozent, zertifizierter Auftrittscoach mit PEP\u00ae nach Dr. med. Michael <a href=\"http:\/\/www.hanssteinmeier.de\/auftrittscoaching\/wp-content\/uploads\/auftrittscoaching-ueber-mich.jpg\"><img loading=\"lazy\" decoding=\"async\" class=\"alignright wp-image-58 \" src=\"http:\/\/www.hanssteinmeier.de\/auftrittscoaching\/wp-content\/uploads\/auftrittscoaching-ueber-mich-300x275.jpg\" alt=\"\" width=\"202\" height=\"186\" srcset=\"http:\/\/www.hanssteinmeier.de\/auftrittscoaching\/wp-content\/uploads\/auftrittscoaching-ueber-mich-300x275.jpg 300w, http:\/\/www.hanssteinmeier.de\/auftrittscoaching\/wp-content\/uploads\/auftrittscoaching-ueber-mich-768x703.jpg 768w, http:\/\/www.hanssteinmeier.de\/auftrittscoaching\/wp-content\/uploads\/auftrittscoaching-ueber-mich-1024x938.jpg 1024w, http:\/\/www.hanssteinmeier.de\/auftrittscoaching\/wp-content\/uploads\/auftrittscoaching-ueber-mich-328x300.jpg 328w, http:\/\/www.hanssteinmeier.de\/auftrittscoaching\/wp-content\/uploads\/auftrittscoaching-ueber-mich.jpg 1400w\" sizes=\"auto, (max-width: 202px) 100vw, 202px\" \/><\/a>Bohne, staatlich gepr\u00fcfter Heilpraktiker f\u00fcr Psychotherapie, zertifizierter Hypnosetherapeut des Deutschen Instituts f\u00fcr klinische Hypnose und Seminarleiter f\u00fcr Entspannungstherapie biete ich Ihnen mentale und tatkr\u00e4ftige Unterst\u00fctzung bei Ihren Anliegen rund um die Themen Auftrittscoaching, B\u00fchne, Probespiel, Probedirigat, B\u00fchnen-Casting, Redeangst, Auftrittsangst und Pr\u00fcfungsangst.<\/p>\n<h2>Zwei Leidenschaften<\/h2>\n<p>In beiden Bereichen, in Konzerten und Proben sowie in Coachings und Therapien begegnen sich Menschen. Und Begegnungen haben mich immer interessiert.<br \/>\nAls Zivildienstleistender in der geschlossenen Psychiatrie, als Pflegekraft auf der Suchtstation, als Krankenpfleger in der Geriatrie, als musikalischer Leiter, Musiker und Hochschulp\u00e4dagoge. Diese wertvollen Erfahrungen m\u00f6chte ich auch im \u201eHier und Jetzt\u201c, mehr als zwei Jahrzehnte sp\u00e4ter, nicht missen.<br \/>\nH\u00e4tte ich damals meine Aufnahmepr\u00fcfung an der Folkwang-Hochschule nicht erfolgreich bestanden, w\u00e4re mein Weg wohl zun\u00e4chst in eine medizinische Richtung gegangen. Hirnforschung, Psychiatrie, Neurologie, \u2026<\/p>\n<p>Direkt nach dem Studium begann meine Laufbahn als Hochschul- und Universit\u00e4tsdozent f\u00fcr Big Band, Arrangement und Improvisation, sowie als musikalischer Leiter professioneller und studentischer musikalischer Gro\u00dfformationen an der Carl-von-Ossietzky Universit\u00e4t in Oldenburg, an der Musikhochschule K\u00f6ln, aktuell an der Folkwang Universit\u00e4t der K\u00fcnste in Essen.<\/p>\n<h2>Coaching und Psychotherapie<\/h2>\n<p>Nach mehrj\u00e4hriger Ausbildung an der Heilpraktiker Schule D\u00fcsseldorf, sowie einer erfolgreichen, staatlich anerkannten Pr\u00fcfung zum Heilpraktiker f\u00fcr Psychotherapie, wurde mir die Heilerlaubnis durch das Gesundheitsamt Dortmund erteilt.<\/p>\n<p>F\u00fcr Weiter- und Fortbildungen in<\/p>\n<ul>\n<li>Prozess- und Embodimentfokussierter Psychologie (PEP\u00ae) nach Dr. Michael Bohne<\/li>\n<li>Auftrittscoaching mit PEP\u00ae nach Dr. Michael Bohne<\/li>\n<li>Kognitiver Verhaltenstherapie<\/li>\n<li>Hypnosetherapie\/Hypnoanalyse nach Dr. Norbert Preetz<\/li>\n<li>Gespr\u00e4chspsychotherapie nach Carl Rogers<\/li>\n<li>L\u00f6sungsorientierter Kurzzeittherapie nach Steve de Shazer<\/li>\n<li>Entspannungstherapie, Autogenes Training, Progressive Muskelrelaxation<\/li>\n<\/ul>\n<p>besuchte ich die Heilpraktiker Schule D\u00fcsseldorf, das Deutsche Institut f\u00fcr klinische Hypnose, Magdeburg (Dr. Norbert Preetz), das Institut f\u00fcr angewandte Psychologie und Psychosomatik, D\u00fcsseldorf (Prof. Dr. Arno M\u00fcller), die Paracelsus Schule Dortmund (Dr. phil. G\u00fcnter Haberkamp) und das Fortbildungsinstitut f\u00fcr PEP\u00ae in Hannover (Dr. med. Michael Bohne). An der Heilpraktiker Schule D\u00fcsseldorf erhielt ich nach erfolgreicher Fachausbildung und Pr\u00fcfung die Zertifikation zum Lehrer und Seminarleiter f\u00fcr Autogenes Training und Progressive Muskelrelaxation.<\/p>\n<p>&nbsp;<\/p>\n","protected":false},"excerpt":{"rendered":"<p>Als zweifach diplomierter Musiker und Hochschuldozent, zertifizierter Auftrittscoach mit PEP\u00ae nach Dr. med. Michael Bohne, staatlich gepr\u00fcfter Heilpraktiker f\u00fcr Psychotherapie, zertifizierter Hypnosetherapeut des Deutschen Instituts f\u00fcr klinische Hypnose und Seminarleiter f\u00fcr Entspannungstherapie biete ich Ihnen mentale und tatkr\u00e4ftige Unterst\u00fctzung bei &hellip; <a href=\"http:\/\/www.hanssteinmeier.de\/auftrittscoaching\/ueber-mich\/\">Weiterlesen <span class=\"meta-nav\">&rarr;<\/span><\/a><\/p>\n","protected":false},"author":1,"featured_media":0,"parent":0,"menu_order":0,"comment_status":"closed","ping_status":"closed","template":"sidebar-page.php","meta":{"footnotes":""},"class_list":["post-54","page","type-page","status-publish","hentry"],"yoast_head":"<!-- This site is optimized with the Yoast SEO plugin v27.4 - https:\/\/yoast.com\/product\/yoast-seo-wordpress\/ -->\n<title>\u00dcber mich - Auftrittscoaching | Musikercoaching<\/title>\n<meta name=\"description\" content=\"mentale und tatkr\u00e4ftige Unterst\u00fctzung bei Ihren Anliegen rund um die Themen Auftrittscoaching, B\u00fchne, Probespiel, Probedirigat, B\u00fchnen-Casting, Redeangst, Auftrittsangst und Pr\u00fcfungsangst.\" \/>\n<meta name=\"robots\" content=\"index, follow, max-snippet:-1, max-image-preview:large, max-video-preview:-1\" \/>\n<link rel=\"canonical\" href=\"http:\/\/www.hanssteinmeier.de\/auftrittscoaching\/ueber-mich\/\" \/>\n<meta property=\"og:locale\" content=\"de_DE\" \/>\n<meta property=\"og:type\" content=\"article\" \/>\n<meta property=\"og:title\" content=\"\u00dcber mich - Auftrittscoaching | Musikercoaching\" \/>\n<meta property=\"og:description\" content=\"mentale und tatkr\u00e4ftige Unterst\u00fctzung bei Ihren Anliegen rund um die Themen Auftrittscoaching, B\u00fchne, Probespiel, Probedirigat, B\u00fchnen-Casting, Redeangst, Auftrittsangst und Pr\u00fcfungsangst.\" \/>\n<meta property=\"og:url\" content=\"http:\/\/www.hanssteinmeier.de\/auftrittscoaching\/ueber-mich\/\" \/>\n<meta property=\"og:site_name\" content=\"Auftrittscoaching | Musikercoaching\" \/>\n<meta property=\"article:modified_time\" content=\"2025-09-06T17:39:49+00:00\" \/>\n<meta property=\"og:image\" content=\"http:\/\/www.hanssteinmeier.de\/auftrittscoaching\/wp-content\/uploads\/auftrittscoaching-ueber-mich-300x275.jpg\" \/>\n<meta name=\"twitter:card\" content=\"summary_large_image\" \/>\n<meta name=\"twitter:label1\" content=\"Gesch\u00e4tzte Lesezeit\" \/>\n\t<meta name=\"twitter:data1\" content=\"3\u00a0Minuten\" \/>\n<script type=\"application\/ld+json\" class=\"yoast-schema-graph\">{\"@context\":\"https:\\\/\\\/schema.org\",\"@graph\":[{\"@type\":\"WebPage\",\"@id\":\"http:\\\/\\\/www.hanssteinmeier.de\\\/auftrittscoaching\\\/ueber-mich\\\/\",\"url\":\"http:\\\/\\\/www.hanssteinmeier.de\\\/auftrittscoaching\\\/ueber-mich\\\/\",\"name\":\"\u00dcber mich - Auftrittscoaching | Musikercoaching\",\"isPartOf\":{\"@id\":\"http:\\\/\\\/www.hanssteinmeier.de\\\/auftrittscoaching\\\/#website\"},\"primaryImageOfPage\":{\"@id\":\"http:\\\/\\\/www.hanssteinmeier.de\\\/auftrittscoaching\\\/ueber-mich\\\/#primaryimage\"},\"image\":{\"@id\":\"http:\\\/\\\/www.hanssteinmeier.de\\\/auftrittscoaching\\\/ueber-mich\\\/#primaryimage\"},\"thumbnailUrl\":\"http:\\\/\\\/www.hanssteinmeier.de\\\/auftrittscoaching\\\/wp-content\\\/uploads\\\/auftrittscoaching-ueber-mich-300x275.jpg\",\"datePublished\":\"2019-01-26T11:39:05+00:00\",\"dateModified\":\"2025-09-06T17:39:49+00:00\",\"description\":\"mentale und tatkr\u00e4ftige Unterst\u00fctzung bei Ihren Anliegen rund um die Themen Auftrittscoaching, B\u00fchne, Probespiel, Probedirigat, B\u00fchnen-Casting, Redeangst, Auftrittsangst und Pr\u00fcfungsangst.\",\"breadcrumb\":{\"@id\":\"http:\\\/\\\/www.hanssteinmeier.de\\\/auftrittscoaching\\\/ueber-mich\\\/#breadcrumb\"},\"inLanguage\":\"de\",\"potentialAction\":[{\"@type\":\"ReadAction\",\"target\":[\"http:\\\/\\\/www.hanssteinmeier.de\\\/auftrittscoaching\\\/ueber-mich\\\/\"]}]},{\"@type\":\"ImageObject\",\"inLanguage\":\"de\",\"@id\":\"http:\\\/\\\/www.hanssteinmeier.de\\\/auftrittscoaching\\\/ueber-mich\\\/#primaryimage\",\"url\":\"http:\\\/\\\/www.hanssteinmeier.de\\\/auftrittscoaching\\\/wp-content\\\/uploads\\\/auftrittscoaching-ueber-mich.jpg\",\"contentUrl\":\"http:\\\/\\\/www.hanssteinmeier.de\\\/auftrittscoaching\\\/wp-content\\\/uploads\\\/auftrittscoaching-ueber-mich.jpg\",\"width\":1400,\"height\":1282},{\"@type\":\"BreadcrumbList\",\"@id\":\"http:\\\/\\\/www.hanssteinmeier.de\\\/auftrittscoaching\\\/ueber-mich\\\/#breadcrumb\",\"itemListElement\":[{\"@type\":\"ListItem\",\"position\":1,\"name\":\"Startseite\",\"item\":\"http:\\\/\\\/www.hanssteinmeier.de\\\/auftrittscoaching\\\/\"},{\"@type\":\"ListItem\",\"position\":2,\"name\":\"\u00dcber mich\"}]},{\"@type\":\"WebSite\",\"@id\":\"http:\\\/\\\/www.hanssteinmeier.de\\\/auftrittscoaching\\\/#website\",\"url\":\"http:\\\/\\\/www.hanssteinmeier.de\\\/auftrittscoaching\\\/\",\"name\":\"Auftrittscoaching | Musikercoaching\",\"description\":\"Hans Steinmeier | Coaching, Beratung, Psychotherapie nach Heilpraktikergesetz\",\"publisher\":{\"@id\":\"http:\\\/\\\/www.hanssteinmeier.de\\\/auftrittscoaching\\\/#organization\"},\"potentialAction\":[{\"@type\":\"SearchAction\",\"target\":{\"@type\":\"EntryPoint\",\"urlTemplate\":\"http:\\\/\\\/www.hanssteinmeier.de\\\/auftrittscoaching\\\/?s={search_term_string}\"},\"query-input\":{\"@type\":\"PropertyValueSpecification\",\"valueRequired\":true,\"valueName\":\"search_term_string\"}}],\"inLanguage\":\"de\"},{\"@type\":\"Organization\",\"@id\":\"http:\\\/\\\/www.hanssteinmeier.de\\\/auftrittscoaching\\\/#organization\",\"name\":\"Auftrittscoaching | Musikercoaching\",\"url\":\"http:\\\/\\\/www.hanssteinmeier.de\\\/auftrittscoaching\\\/\",\"logo\":{\"@type\":\"ImageObject\",\"inLanguage\":\"de\",\"@id\":\"http:\\\/\\\/www.hanssteinmeier.de\\\/auftrittscoaching\\\/#\\\/schema\\\/logo\\\/image\\\/\",\"url\":\"http:\\\/\\\/www.hanssteinmeier.de\\\/auftrittscoaching\\\/wp-content\\\/uploads\\\/steinmeier_logo-27.01-tranzparent.png\",\"contentUrl\":\"http:\\\/\\\/www.hanssteinmeier.de\\\/auftrittscoaching\\\/wp-content\\\/uploads\\\/steinmeier_logo-27.01-tranzparent.png\",\"width\":188,\"height\":98,\"caption\":\"Auftrittscoaching | Musikercoaching\"},\"image\":{\"@id\":\"http:\\\/\\\/www.hanssteinmeier.de\\\/auftrittscoaching\\\/#\\\/schema\\\/logo\\\/image\\\/\"}}]}<\/script>\n<!-- \/ Yoast SEO plugin. -->","yoast_head_json":{"title":"\u00dcber mich - Auftrittscoaching | Musikercoaching","description":"mentale und tatkr\u00e4ftige Unterst\u00fctzung bei Ihren Anliegen rund um die Themen Auftrittscoaching, B\u00fchne, Probespiel, Probedirigat, B\u00fchnen-Casting, Redeangst, Auftrittsangst und Pr\u00fcfungsangst.","robots":{"index":"index","follow":"follow","max-snippet":"max-snippet:-1","max-image-preview":"max-image-preview:large","max-video-preview":"max-video-preview:-1"},"canonical":"http:\/\/www.hanssteinmeier.de\/auftrittscoaching\/ueber-mich\/","og_locale":"de_DE","og_type":"article","og_title":"\u00dcber mich - Auftrittscoaching | Musikercoaching","og_description":"mentale und tatkr\u00e4ftige Unterst\u00fctzung bei Ihren Anliegen rund um die Themen Auftrittscoaching, B\u00fchne, Probespiel, Probedirigat, B\u00fchnen-Casting, Redeangst, Auftrittsangst und Pr\u00fcfungsangst.","og_url":"http:\/\/www.hanssteinmeier.de\/auftrittscoaching\/ueber-mich\/","og_site_name":"Auftrittscoaching | Musikercoaching","article_modified_time":"2025-09-06T17:39:49+00:00","og_image":[{"url":"http:\/\/www.hanssteinmeier.de\/auftrittscoaching\/wp-content\/uploads\/auftrittscoaching-ueber-mich-300x275.jpg","type":"","width":"","height":""}],"twitter_card":"summary_large_image","twitter_misc":{"Gesch\u00e4tzte Lesezeit":"3\u00a0Minuten"},"schema":{"@context":"https:\/\/schema.org","@graph":[{"@type":"WebPage","@id":"http:\/\/www.hanssteinmeier.de\/auftrittscoaching\/ueber-mich\/","url":"http:\/\/www.hanssteinmeier.de\/auftrittscoaching\/ueber-mich\/","name":"\u00dcber mich - Auftrittscoaching | Musikercoaching","isPartOf":{"@id":"http:\/\/www.hanssteinmeier.de\/auftrittscoaching\/#website"},"primaryImageOfPage":{"@id":"http:\/\/www.hanssteinmeier.de\/auftrittscoaching\/ueber-mich\/#primaryimage"},"image":{"@id":"http:\/\/www.hanssteinmeier.de\/auftrittscoaching\/ueber-mich\/#primaryimage"},"thumbnailUrl":"http:\/\/www.hanssteinmeier.de\/auftrittscoaching\/wp-content\/uploads\/auftrittscoaching-ueber-mich-300x275.jpg","datePublished":"2019-01-26T11:39:05+00:00","dateModified":"2025-09-06T17:39:49+00:00","description":"mentale und tatkr\u00e4ftige Unterst\u00fctzung bei Ihren Anliegen rund um die Themen Auftrittscoaching, B\u00fchne, Probespiel, Probedirigat, B\u00fchnen-Casting, Redeangst, Auftrittsangst und Pr\u00fcfungsangst.","breadcrumb":{"@id":"http:\/\/www.hanssteinmeier.de\/auftrittscoaching\/ueber-mich\/#breadcrumb"},"inLanguage":"de","potentialAction":[{"@type":"ReadAction","target":["http:\/\/www.hanssteinmeier.de\/auftrittscoaching\/ueber-mich\/"]}]},{"@type":"ImageObject","inLanguage":"de","@id":"http:\/\/www.hanssteinmeier.de\/auftrittscoaching\/ueber-mich\/#primaryimage","url":"http:\/\/www.hanssteinmeier.de\/auftrittscoaching\/wp-content\/uploads\/auftrittscoaching-ueber-mich.jpg","contentUrl":"http:\/\/www.hanssteinmeier.de\/auftrittscoaching\/wp-content\/uploads\/auftrittscoaching-ueber-mich.jpg","width":1400,"height":1282},{"@type":"BreadcrumbList","@id":"http:\/\/www.hanssteinmeier.de\/auftrittscoaching\/ueber-mich\/#breadcrumb","itemListElement":[{"@type":"ListItem","position":1,"name":"Startseite","item":"http:\/\/www.hanssteinmeier.de\/auftrittscoaching\/"},{"@type":"ListItem","position":2,"name":"\u00dcber mich"}]},{"@type":"WebSite","@id":"http:\/\/www.hanssteinmeier.de\/auftrittscoaching\/#website","url":"http:\/\/www.hanssteinmeier.de\/auftrittscoaching\/","name":"Auftrittscoaching | Musikercoaching","description":"Hans Steinmeier | Coaching, Beratung, Psychotherapie nach Heilpraktikergesetz","publisher":{"@id":"http:\/\/www.hanssteinmeier.de\/auftrittscoaching\/#organization"},"potentialAction":[{"@type":"SearchAction","target":{"@type":"EntryPoint","urlTemplate":"http:\/\/www.hanssteinmeier.de\/auftrittscoaching\/?s={search_term_string}"},"query-input":{"@type":"PropertyValueSpecification","valueRequired":true,"valueName":"search_term_string"}}],"inLanguage":"de"},{"@type":"Organization","@id":"http:\/\/www.hanssteinmeier.de\/auftrittscoaching\/#organization","name":"Auftrittscoaching | Musikercoaching","url":"http:\/\/www.hanssteinmeier.de\/auftrittscoaching\/","logo":{"@type":"ImageObject","inLanguage":"de","@id":"http:\/\/www.hanssteinmeier.de\/auftrittscoaching\/#\/schema\/logo\/image\/","url":"http:\/\/www.hanssteinmeier.de\/auftrittscoaching\/wp-content\/uploads\/steinmeier_logo-27.01-tranzparent.png","contentUrl":"http:\/\/www.hanssteinmeier.de\/auftrittscoaching\/wp-content\/uploads\/steinmeier_logo-27.01-tranzparent.png","width":188,"height":98,"caption":"Auftrittscoaching | Musikercoaching"},"image":{"@id":"http:\/\/www.hanssteinmeier.de\/auftrittscoaching\/#\/schema\/logo\/image\/"}}]}},"_links":{"self":[{"href":"http:\/\/www.hanssteinmeier.de\/auftrittscoaching\/wp-json\/wp\/v2\/pages\/54","targetHints":{"allow":["GET"]}}],"collection":[{"href":"http:\/\/www.hanssteinmeier.de\/auftrittscoaching\/wp-json\/wp\/v2\/pages"}],"about":[{"href":"http:\/\/www.hanssteinmeier.de\/auftrittscoaching\/wp-json\/wp\/v2\/types\/page"}],"author":[{"embeddable":true,"href":"http:\/\/www.hanssteinmeier.de\/auftrittscoaching\/wp-json\/wp\/v2\/users\/1"}],"replies":[{"embeddable":true,"href":"http:\/\/www.hanssteinmeier.de\/auftrittscoaching\/wp-json\/wp\/v2\/comments?post=54"}],"version-history":[{"count":7,"href":"http:\/\/www.hanssteinmeier.de\/auftrittscoaching\/wp-json\/wp\/v2\/pages\/54\/revisions"}],"predecessor-version":[{"id":70,"href":"http:\/\/www.hanssteinmeier.de\/auftrittscoaching\/wp-json\/wp\/v2\/pages\/54\/revisions\/70"}],"wp:attachment":[{"href":"http:\/\/www.hanssteinmeier.de\/auftrittscoaching\/wp-json\/wp\/v2\/media?parent=54"}],"curies":[{"name":"wp","href":"https:\/\/api.w.org\/{rel}","templated":true}]}}