{"id":3,"date":"2018-12-21T19:06:33","date_gmt":"2018-12-21T18:06:33","guid":{"rendered":"http:\/\/www.hanssteinmeier.de\/auftrittscoaching\/?page_id=3"},"modified":"2020-07-03T12:11:18","modified_gmt":"2020-07-03T10:11:18","slug":"datenschutzerklaerung","status":"publish","type":"page","link":"http:\/\/www.hanssteinmeier.de\/auftrittscoaching\/datenschutzerklaerung\/","title":{"rendered":"Datenschutzerkl\u00e4rung"},"content":{"rendered":"<h2>Datenschutzinformation<\/h2>\n<p>Vielen Dank f\u00fcr Ihren Besuch auf unserer Internetpr\u00e4senz. Wir halten uns an die Regeln der gesetzlichen Vorgaben und der Datenschutzgesetze.<\/p>\n<p>In unserer Praxis werden w\u00e4hrend Ihrer Behandlung personenbezogene vertrauliche Daten erhoben. Immer schon unterliegen wir als Heilpraktiker f\u00fcr Psychotherapie der strengen Verschwiegenheitspflicht. Nach dem jetzt in Kraft getretenen neuen Datenschutzrecht (EU-Datenschutz-Grundverordnung und Bundesdatenschutzgesetz) sind wir verpflichtet, Sie dar\u00fcber zu informieren, zu welchem Zweck unsere Praxis Daten erhebt, speichert oder weiterleitet. Der Information k\u00f6nnen Sie auch entnehmen, welche Rechte Sie beim Datenschutz haben. Ferner ist Ihre ausdr\u00fcckliche Einwilligung in die Datenerhebung erforderlich. Diese Einwilligung bekommen Sie zu Ihrem ersten Praxistermin zur Unterschrift ausgeh\u00e4ndigt.<\/p>\n<p>&nbsp;<\/p>\n<ol>\n<li><strong> VERANTWORTLICHKEIT F\u00dcR DIE DATENVERARBEITUNG<\/strong><\/li>\n<\/ol>\n<p>Verantwortliche gem. Art. 4 Abs. 7 EU-Datenschutz-Grundverordnung (DS-GVO) sind:<\/p>\n<p><strong>Hans Steinmeier<br \/>\n<\/strong>Heilpraktiker f\u00fcr Psychotherapie,<br \/>\nDiplom-Komponist, Diplom-Musiker<br \/>\nAdresse: An der Palmweide 55, 44227 Dortmund<br \/>\nTelefon: 0157 \u2013 56 40 72 01 (Hans Steinmeier)<\/p>\n<p>In unserem Bundesland ist in allen Datenschutzangelegenheiten Ansprechpartner:<\/p>\n<p>Name: Hans Steinmeier<br \/>\nAnschrift: An der Palmweide 55, 44227 Dortmund<br \/>\nEmail: hans@steinmeier-dortmund.de<\/p>\n<p>Wenn Sie per Email mit uns in Kontakt treten, speichern wir die von Ihnen angegebene Emailadresse und ggf. Ihren Namen und Ihre Telefonnummer um mit Ihnen Kontakt aufnehmen zu k\u00f6nnen. Selbstverst\u00e4ndlich k\u00f6nnen Sie auch eine Emailadresse angeben, die keine R\u00fcckschl\u00fcsse auf Ihre Person zul\u00e4sst.<\/p>\n<p>Ihre personenbezogenen Daten speichern wir mit Hilfe aller zugriffssicheren technischen und organisatorischen M\u00f6glichkeiten.<\/p>\n<p>Anamneseb\u00f6gen bewahren wir grunds\u00e4tzlich anonymisiert auf. Die Rechtsgrundlage f\u00fcr die Datenverarbeitung zum Zwecke der Kontaktaufnahme bildet Art. 6 Abs. 1 S. 1 lit. f DS-GVO. Die Kommunikation per Email kann Sicherheitsl\u00fccken und Risiken durch einen Zugriff von Dritten aufweisen, daher bitten wir Sie, sensible Daten postalisch oder h\u00e4ndisch zu \u00fcbermitteln.<\/p>\n<ol start=\"2\">\n<li><strong> ZWECK DER DATENVERARBEITUNG<\/strong><\/li>\n<\/ol>\n<p>Die Datenverarbeitung erfolgt aufgrund gesetzlicher Vorgaben, um den Behandlungsvertrag zwischen Ihnen und Ihrem Heilpraktiker und die damit verbundenen Pflichten zu erf\u00fcllen.<\/p>\n<p>Hierzu verarbeiten wir Ihre personenbezogenen Daten, insbesondere Ihre Gesundheitsdaten. Dazu z\u00e4hlen Anamnesen, Diagnosen, Therapievorschl\u00e4ge und Befunde, die wir oder andere Heilpraktiker erheben. Zu diesen Zwecken k\u00f6nnen uns auch andere Heilpraktiker, \u00c4rzte oder Psychologische Psychotherapeuten, bei denen Sie in Behandlung sind, Daten zur Verf\u00fcgung stellen (z. B. in Therapeutenbriefen), wenn Sie sie von ihrer Schweigepflicht entbunden haben.<\/p>\n<p>Die Erhebung von Gesundheitsdaten ist Voraussetzung f\u00fcr Ihre Behandlung. Werden die notwendigen Informationen nicht bereitgestellt, kann eine sorgf\u00e4ltige Behandlung nicht erfolgen.<\/p>\n<ol start=\"3\">\n<li><strong> WEITERGABE IHRER DATEN AN DRITTE<\/strong><\/li>\n<\/ol>\n<p>Wir \u00fcbermitteln Ihre personenbezogenen Daten nur dann an Dritte (z.B. behandelnde \u00c4rzte, Psychologen*innen, Psychotherapeuten*innen, wenn Sie eingewilligt haben.<\/p>\n<ol start=\"4\">\n<li><strong> SPEICHERUNG IHRER DATEN<\/strong><\/li>\n<\/ol>\n<p>Wir bewahren Ihre personenbezogenen Daten nur solange auf, wie dies f\u00fcr die Durchf\u00fchrung der Behandlung erforderlich ist. Nach rechtlichen Vorgaben sind wir dazu verpflichtet, diese Daten mindestens 10 Jahre nach Abschluss der Behandlung aufzubewahren.<\/p>\n<ol start=\"5\">\n<li><strong> EINWILLIGUNGSERKL\u00c4RUNG<\/strong><\/li>\n<\/ol>\n<p>Durch Ihre Unterschrift erkl\u00e4ren Sie sich ausdr\u00fccklich mit der f\u00fcr Ihre Behandlung notwendigen Erhebung und Speicherung pers\u00f6nlicher Daten einverstanden.<\/p>\n<p>Sie haben das Recht, diese Einwilligung jederzeit zu widerrufen, jedoch wirkt ein Widerruf nur f\u00fcr die Zukunft, da nach gesetzlichen Bestimmungen eine Dokumentation Ihrer Behandlungsdaten zwingend vorgeschrieben ist. Nach Widerruf dieser Einwilligungserkl\u00e4rung ist allerdings eine weitere Behandlung nicht mehr m\u00f6glich.<\/p>\n<ol start=\"6\">\n<li><strong> WEITERE EINWILLIGUNGSERKL\u00c4RUNGEN<\/strong><\/li>\n<\/ol>\n<ul>\n<li>Einverst\u00e4ndnis per E-Mail oder auf anderem Wege, Patienteninformationen zugesendet zu bekommen;<\/li>\n<li>Einverst\u00e4ndnis, Einladungen zu Praxisveranstaltungen oder anderen Veranstaltungen (bei denen beispielsweise der Heilpraktiker Referent ist) zu erhalten.)<\/li>\n<\/ul>\n<ol start=\"7\">\n<li><strong> IHRE RECHTE <\/strong><\/li>\n<\/ol>\n<p>Sie haben, gem\u00e4\u00df Art. 15 DSGVO, das Recht, \u00fcber die Sie betreffenden personenbezogenen Daten Auskunft zu erhalten. Auch k\u00f6nnen Sie, gem\u00e4\u00df Art. 16 DSGVO, die Berichtigung unrichtiger Daten verlangen.<\/p>\n<p>Dar\u00fcber hinaus steht Ihnen unter bestimmten Voraussetzungen das Recht auf L\u00f6schung von Daten (Art. 17 DSGVO), das Recht auf Einschr\u00e4nkung der Datenverarbeitung (Art. 18 DSGVO ) sowie das Recht auf Daten\u00fcbertragbarkeit zu.<\/p>\n<p>Die Verarbeitung Ihrer Daten erfolgt auf Basis von gesetzlichen Regelungen. Nur in Ausnahmef\u00e4llen ben\u00f6tigen wir Ihr Einverst\u00e4ndnis. In diesen F\u00e4llen haben Sie das Recht, die Einwilligung f\u00fcr die zuk\u00fcnftige Verarbeitung zu widerrufen (Art. 7 Abs. 3 DSGVO )<\/p>\n<p>Gem\u00e4\u00df Art. 20 DSGVO k\u00f6nnen Sie verlangen, Ihre personenbezogenen Daten, die Sie uns bereitgestellt haben, in einem strukturierten, g\u00e4ngigen und maschinenlesebaren Format zu erhalten oder die \u00dcbermittlung an einen anderen Verantwortlichen verlangen.<\/p>\n<p>Sie haben ferner, gem\u00e4\u00df Art. 77 DSGVO, das Recht, sich bei der zust\u00e4ndigen Aufsichtsbeh\u00f6rde f\u00fcr den Datenschutz zu beschweren, wenn Sie der Ansicht sind, dass die Verarbeitung Ihrer personenbezogenen Daten nicht rechtm\u00e4\u00dfig erfolgt.<\/p>\n<p>Die Anschrift des f\u00fcr unsere Praxis zust\u00e4ndigen Datenschutzbeauftragen k\u00f6nnen Sie unter Punkt 1 (Verantwortlichkeit f\u00fcr Datenerhebung) entnehmen.<\/p>\n<p>7A<strong>. UNSERE WEBSITE VERWENDET 1&amp;1 WEBANALYTICS<\/strong><\/p>\n<p><strong>In 1&amp;1 Webanalytics erfasste Informationen <\/strong><\/p>\n<p>Quelle: https:\/\/www.1und1.de\/Datenschutz<\/p>\n<p>Wir erfassen Informationen, um allen unseren Nutzern bessere Dienste zur Verf\u00fcgung zu stellen.<\/p>\n<p>In 1&amp;1 Webanalytics werden Daten ausschlie\u00dflich zur statistischen Auswertung und zur technischen Optimierung des Webangebots erhoben.<\/p>\n<p>Wir haben f\u00fcr Sie eine Liste der erfassten Daten zusammengestellt:<\/p>\n<ol>\n<li style=\"list-style-type: none;\">\n<ol>\n<li style=\"list-style-type: none;\">\n<ol>\n<li style=\"list-style-type: none;\">\n<ul>\n<li>Referrer (zuvor besuchte Webseite)<\/li>\n<li>Angeforderte Webseite oder Datei<\/li>\n<li>Browsertyp und Browserversion<\/li>\n<li>Verwendetes Betriebssystem<\/li>\n<li>Verwendeter Ger\u00e4tetyp<\/li>\n<li>Uhrzeit des Zugriffs<\/li>\n<li>IP-Adresse in anonymisierter Form (wird nur zur Feststellung des Orts des Zugriffs verwendet)<\/li>\n<\/ul>\n<\/li>\n<\/ol>\n<\/li>\n<\/ol>\n<\/li>\n<\/ol>\n<p>7B<strong>. FACEBOOK-PLUG-IN<\/strong><\/p>\n<p><em>Diese Website verwendet ein<\/em> <strong><em>Facebook-Social-Plug-in<\/em><\/strong><em>, das von Facebook Inc. (1 Hacker Way, Menlo Park, California 94025 USA) entwickelt und betrieben wird und an dem Facebook-Logo erkennbar ist. Das Plug-in stellt eine direkte<\/em> <strong><em>Verbindung zwischen Ihrem Browser und den Facebook-Servern<\/em><\/strong> <em>her, sobald es aktiviert wurde. Hierf\u00fcr ist ein Klick auf die entsprechende Schaltfl\u00e4che erforderlich. <\/em><\/p>\n<p><em>Auf die<\/em> <strong><em>Art und den Umfang der Daten<\/em><\/strong><em>, die in diesem Rahmen an Facebook Inc. \u00fcbermittelt werden, haben wir keinerlei Einfluss. Eine \u00c4u\u00dferung des Social-Media-Unternehmens zu diesem Thema finden Sie unter folgendem Link:<\/em> <a href=\"https:\/\/www.facebook.com\/help\/186325668085084\"><em>www.facebook.com\/help\/186325668085084<\/em><\/a><em>.<\/em><\/p>\n<p>7C<strong>. <\/strong><strong>GOOGLE WEB FONTS<\/strong><\/p>\n<p>Diese Seite nutzt zur einheitlichen Darstellung von Schriftarten so genannte Web Fonts, die von Google bereitgestellt werden. Beim Aufruf einer Seite l\u00e4dt Ihr Browser die ben\u00f6tigten Web Fonts in ihren Browsercache, um Texte und Schriftarten korrekt anzuzeigen. Wenn Ihr Browser Web Fonts nicht unterst\u00fctzt, wird eine Standardschrift von Ihrem Computer genutzt. Weitere Informationen zu Google Web Fonts finden Sie unter <a href=\"https:\/\/developers.google.com\/fonts\/faq\">https:\/\/developers.google.com\/fonts\/faq<\/a> und in der Datenschutzerkl\u00e4rung von Google: <a href=\"https:\/\/www.google.com\/policies\/privacy\/\">https:\/\/www.google.com\/policies\/privacy\/<\/a><\/p>\n<ol start=\"8\">\n<li><strong> RECHTLICHE GRUNDLAGEN<\/strong><\/li>\n<\/ol>\n<p>Rechtsgrundlage f\u00fcr die Verarbeitung Ihrer Daten ist Artikel 9 Absatz 2 lit. h) DS-GVO in Verbindung mit \u00a7 22 Absatz 1 Nr.1 lit. b) Bundesdatenschutzgesetz. Sollten Sie Fragen haben, k\u00f6nnen Sie sich jederzeit an uns wenden.<\/p>\n<p>Stand: Januar 2019<\/p>\n","protected":false},"excerpt":{"rendered":"<p>Datenschutzinformation Vielen Dank f\u00fcr Ihren Besuch auf unserer Internetpr\u00e4senz. Wir halten uns an die Regeln der gesetzlichen Vorgaben und der Datenschutzgesetze. In unserer Praxis werden w\u00e4hrend Ihrer Behandlung personenbezogene vertrauliche Daten erhoben. Immer schon unterliegen wir als Heilpraktiker f\u00fcr Psychotherapie &hellip; <a href=\"http:\/\/www.hanssteinmeier.de\/auftrittscoaching\/datenschutzerklaerung\/\">Weiterlesen <span class=\"meta-nav\">&rarr;<\/span><\/a><\/p>\n","protected":false},"author":1,"featured_media":0,"parent":0,"menu_order":0,"comment_status":"closed","ping_status":"closed","template":"sidebar-page.php","meta":{"footnotes":""},"class_list":["post-3","page","type-page","status-publish","hentry"],"yoast_head":"<!-- This site is optimized with the Yoast SEO plugin v27.4 - https:\/\/yoast.com\/product\/yoast-seo-wordpress\/ -->\n<title>Datenschutzerkl\u00e4rung - Auftrittscoaching | Musikercoaching<\/title>\n<meta name=\"robots\" content=\"index, follow, max-snippet:-1, max-image-preview:large, max-video-preview:-1\" \/>\n<link rel=\"canonical\" href=\"http:\/\/www.hanssteinmeier.de\/auftrittscoaching\/datenschutzerklaerung\/\" \/>\n<meta property=\"og:locale\" content=\"de_DE\" \/>\n<meta property=\"og:type\" content=\"article\" \/>\n<meta property=\"og:title\" content=\"Datenschutzerkl\u00e4rung - Auftrittscoaching | Musikercoaching\" \/>\n<meta property=\"og:description\" content=\"Datenschutzinformation Vielen Dank f\u00fcr Ihren Besuch auf unserer Internetpr\u00e4senz. Wir halten uns an die Regeln der gesetzlichen Vorgaben und der Datenschutzgesetze. In unserer Praxis werden w\u00e4hrend Ihrer Behandlung personenbezogene vertrauliche Daten erhoben. Immer schon unterliegen wir als Heilpraktiker f\u00fcr Psychotherapie &hellip; Weiterlesen &rarr;\" \/>\n<meta property=\"og:url\" content=\"http:\/\/www.hanssteinmeier.de\/auftrittscoaching\/datenschutzerklaerung\/\" \/>\n<meta property=\"og:site_name\" content=\"Auftrittscoaching | Musikercoaching\" \/>\n<meta property=\"article:modified_time\" content=\"2020-07-03T10:11:18+00:00\" \/>\n<meta name=\"twitter:card\" content=\"summary_large_image\" \/>\n<meta name=\"twitter:label1\" content=\"Gesch\u00e4tzte Lesezeit\" \/>\n\t<meta name=\"twitter:data1\" content=\"5\u00a0Minuten\" \/>\n<script type=\"application\/ld+json\" class=\"yoast-schema-graph\">{\"@context\":\"https:\\\/\\\/schema.org\",\"@graph\":[{\"@type\":\"WebPage\",\"@id\":\"http:\\\/\\\/www.hanssteinmeier.de\\\/auftrittscoaching\\\/datenschutzerklaerung\\\/\",\"url\":\"http:\\\/\\\/www.hanssteinmeier.de\\\/auftrittscoaching\\\/datenschutzerklaerung\\\/\",\"name\":\"Datenschutzerkl\u00e4rung - Auftrittscoaching | Musikercoaching\",\"isPartOf\":{\"@id\":\"http:\\\/\\\/www.hanssteinmeier.de\\\/auftrittscoaching\\\/#website\"},\"datePublished\":\"2018-12-21T18:06:33+00:00\",\"dateModified\":\"2020-07-03T10:11:18+00:00\",\"breadcrumb\":{\"@id\":\"http:\\\/\\\/www.hanssteinmeier.de\\\/auftrittscoaching\\\/datenschutzerklaerung\\\/#breadcrumb\"},\"inLanguage\":\"de\",\"potentialAction\":[{\"@type\":\"ReadAction\",\"target\":[\"http:\\\/\\\/www.hanssteinmeier.de\\\/auftrittscoaching\\\/datenschutzerklaerung\\\/\"]}]},{\"@type\":\"BreadcrumbList\",\"@id\":\"http:\\\/\\\/www.hanssteinmeier.de\\\/auftrittscoaching\\\/datenschutzerklaerung\\\/#breadcrumb\",\"itemListElement\":[{\"@type\":\"ListItem\",\"position\":1,\"name\":\"Startseite\",\"item\":\"http:\\\/\\\/www.hanssteinmeier.de\\\/auftrittscoaching\\\/\"},{\"@type\":\"ListItem\",\"position\":2,\"name\":\"Datenschutzerkl\u00e4rung\"}]},{\"@type\":\"WebSite\",\"@id\":\"http:\\\/\\\/www.hanssteinmeier.de\\\/auftrittscoaching\\\/#website\",\"url\":\"http:\\\/\\\/www.hanssteinmeier.de\\\/auftrittscoaching\\\/\",\"name\":\"Auftrittscoaching | Musikercoaching\",\"description\":\"Hans Steinmeier | Coaching, Beratung, Psychotherapie nach Heilpraktikergesetz\",\"publisher\":{\"@id\":\"http:\\\/\\\/www.hanssteinmeier.de\\\/auftrittscoaching\\\/#organization\"},\"potentialAction\":[{\"@type\":\"SearchAction\",\"target\":{\"@type\":\"EntryPoint\",\"urlTemplate\":\"http:\\\/\\\/www.hanssteinmeier.de\\\/auftrittscoaching\\\/?s={search_term_string}\"},\"query-input\":{\"@type\":\"PropertyValueSpecification\",\"valueRequired\":true,\"valueName\":\"search_term_string\"}}],\"inLanguage\":\"de\"},{\"@type\":\"Organization\",\"@id\":\"http:\\\/\\\/www.hanssteinmeier.de\\\/auftrittscoaching\\\/#organization\",\"name\":\"Auftrittscoaching | Musikercoaching\",\"url\":\"http:\\\/\\\/www.hanssteinmeier.de\\\/auftrittscoaching\\\/\",\"logo\":{\"@type\":\"ImageObject\",\"inLanguage\":\"de\",\"@id\":\"http:\\\/\\\/www.hanssteinmeier.de\\\/auftrittscoaching\\\/#\\\/schema\\\/logo\\\/image\\\/\",\"url\":\"http:\\\/\\\/www.hanssteinmeier.de\\\/auftrittscoaching\\\/wp-content\\\/uploads\\\/steinmeier_logo-27.01-tranzparent.png\",\"contentUrl\":\"http:\\\/\\\/www.hanssteinmeier.de\\\/auftrittscoaching\\\/wp-content\\\/uploads\\\/steinmeier_logo-27.01-tranzparent.png\",\"width\":188,\"height\":98,\"caption\":\"Auftrittscoaching | Musikercoaching\"},\"image\":{\"@id\":\"http:\\\/\\\/www.hanssteinmeier.de\\\/auftrittscoaching\\\/#\\\/schema\\\/logo\\\/image\\\/\"}}]}<\/script>\n<!-- \/ Yoast SEO plugin. -->","yoast_head_json":{"title":"Datenschutzerkl\u00e4rung - Auftrittscoaching | Musikercoaching","robots":{"index":"index","follow":"follow","max-snippet":"max-snippet:-1","max-image-preview":"max-image-preview:large","max-video-preview":"max-video-preview:-1"},"canonical":"http:\/\/www.hanssteinmeier.de\/auftrittscoaching\/datenschutzerklaerung\/","og_locale":"de_DE","og_type":"article","og_title":"Datenschutzerkl\u00e4rung - Auftrittscoaching | Musikercoaching","og_description":"Datenschutzinformation Vielen Dank f\u00fcr Ihren Besuch auf unserer Internetpr\u00e4senz. Wir halten uns an die Regeln der gesetzlichen Vorgaben und der Datenschutzgesetze. In unserer Praxis werden w\u00e4hrend Ihrer Behandlung personenbezogene vertrauliche Daten erhoben. Immer schon unterliegen wir als Heilpraktiker f\u00fcr Psychotherapie &hellip; Weiterlesen &rarr;","og_url":"http:\/\/www.hanssteinmeier.de\/auftrittscoaching\/datenschutzerklaerung\/","og_site_name":"Auftrittscoaching | Musikercoaching","article_modified_time":"2020-07-03T10:11:18+00:00","twitter_card":"summary_large_image","twitter_misc":{"Gesch\u00e4tzte Lesezeit":"5\u00a0Minuten"},"schema":{"@context":"https:\/\/schema.org","@graph":[{"@type":"WebPage","@id":"http:\/\/www.hanssteinmeier.de\/auftrittscoaching\/datenschutzerklaerung\/","url":"http:\/\/www.hanssteinmeier.de\/auftrittscoaching\/datenschutzerklaerung\/","name":"Datenschutzerkl\u00e4rung - Auftrittscoaching | Musikercoaching","isPartOf":{"@id":"http:\/\/www.hanssteinmeier.de\/auftrittscoaching\/#website"},"datePublished":"2018-12-21T18:06:33+00:00","dateModified":"2020-07-03T10:11:18+00:00","breadcrumb":{"@id":"http:\/\/www.hanssteinmeier.de\/auftrittscoaching\/datenschutzerklaerung\/#breadcrumb"},"inLanguage":"de","potentialAction":[{"@type":"ReadAction","target":["http:\/\/www.hanssteinmeier.de\/auftrittscoaching\/datenschutzerklaerung\/"]}]},{"@type":"BreadcrumbList","@id":"http:\/\/www.hanssteinmeier.de\/auftrittscoaching\/datenschutzerklaerung\/#breadcrumb","itemListElement":[{"@type":"ListItem","position":1,"name":"Startseite","item":"http:\/\/www.hanssteinmeier.de\/auftrittscoaching\/"},{"@type":"ListItem","position":2,"name":"Datenschutzerkl\u00e4rung"}]},{"@type":"WebSite","@id":"http:\/\/www.hanssteinmeier.de\/auftrittscoaching\/#website","url":"http:\/\/www.hanssteinmeier.de\/auftrittscoaching\/","name":"Auftrittscoaching | Musikercoaching","description":"Hans Steinmeier | Coaching, Beratung, Psychotherapie nach Heilpraktikergesetz","publisher":{"@id":"http:\/\/www.hanssteinmeier.de\/auftrittscoaching\/#organization"},"potentialAction":[{"@type":"SearchAction","target":{"@type":"EntryPoint","urlTemplate":"http:\/\/www.hanssteinmeier.de\/auftrittscoaching\/?s={search_term_string}"},"query-input":{"@type":"PropertyValueSpecification","valueRequired":true,"valueName":"search_term_string"}}],"inLanguage":"de"},{"@type":"Organization","@id":"http:\/\/www.hanssteinmeier.de\/auftrittscoaching\/#organization","name":"Auftrittscoaching | Musikercoaching","url":"http:\/\/www.hanssteinmeier.de\/auftrittscoaching\/","logo":{"@type":"ImageObject","inLanguage":"de","@id":"http:\/\/www.hanssteinmeier.de\/auftrittscoaching\/#\/schema\/logo\/image\/","url":"http:\/\/www.hanssteinmeier.de\/auftrittscoaching\/wp-content\/uploads\/steinmeier_logo-27.01-tranzparent.png","contentUrl":"http:\/\/www.hanssteinmeier.de\/auftrittscoaching\/wp-content\/uploads\/steinmeier_logo-27.01-tranzparent.png","width":188,"height":98,"caption":"Auftrittscoaching | Musikercoaching"},"image":{"@id":"http:\/\/www.hanssteinmeier.de\/auftrittscoaching\/#\/schema\/logo\/image\/"}}]}},"_links":{"self":[{"href":"http:\/\/www.hanssteinmeier.de\/auftrittscoaching\/wp-json\/wp\/v2\/pages\/3","targetHints":{"allow":["GET"]}}],"collection":[{"href":"http:\/\/www.hanssteinmeier.de\/auftrittscoaching\/wp-json\/wp\/v2\/pages"}],"about":[{"href":"http:\/\/www.hanssteinmeier.de\/auftrittscoaching\/wp-json\/wp\/v2\/types\/page"}],"author":[{"embeddable":true,"href":"http:\/\/www.hanssteinmeier.de\/auftrittscoaching\/wp-json\/wp\/v2\/users\/1"}],"replies":[{"embeddable":true,"href":"http:\/\/www.hanssteinmeier.de\/auftrittscoaching\/wp-json\/wp\/v2\/comments?post=3"}],"version-history":[{"count":6,"href":"http:\/\/www.hanssteinmeier.de\/auftrittscoaching\/wp-json\/wp\/v2\/pages\/3\/revisions"}],"predecessor-version":[{"id":219,"href":"http:\/\/www.hanssteinmeier.de\/auftrittscoaching\/wp-json\/wp\/v2\/pages\/3\/revisions\/219"}],"wp:attachment":[{"href":"http:\/\/www.hanssteinmeier.de\/auftrittscoaching\/wp-json\/wp\/v2\/media?parent=3"}],"curies":[{"name":"wp","href":"https:\/\/api.w.org\/{rel}","templated":true}]}}