{"id":10,"date":"2018-12-21T20:26:00","date_gmt":"2018-12-21T19:26:00","guid":{"rendered":"http:\/\/www.hanssteinmeier.de\/auftrittscoaching\/?page_id=10"},"modified":"2025-09-06T19:33:57","modified_gmt":"2025-09-06T17:33:57","slug":"home","status":"publish","type":"page","link":"http:\/\/www.hanssteinmeier.de\/auftrittscoaching\/","title":{"rendered":"Home"},"content":{"rendered":"<p><strong>Auftrittscoaching | Musikercoaching | K\u00fcnstlercoaching<\/strong><br \/>\n<strong>Probespieltraining | B\u00fchnen-Casting-Coaching | Performanceoptimierung |\u00a0<\/strong><br \/>\n<strong>\u00dcberwindung von Auftrittsangst, st\u00f6rendem Lampenfieber, Redeangst, Pr\u00fcfungsangst<\/strong><\/p>\n<blockquote><p>\u201eDas menschliche Gehirn ist eine gro\u00dfartige Sache. Es funktioniert bis zu dem Zeitpunkt, wo du aufstehst, um eine Rede zu halten.\u201c\u00a0 (Mark Twain)<\/p><\/blockquote>\n<p>Das Gef\u00fchl von Nervosit\u00e4t, Unsicherheit und vielleicht auch Angst tritt oft bei uns Menschen auf, wenn wir bewertend beobachtet werden oder aber das Gef\u00fchl haben, wir w\u00fcrden bewertend beobachtet werden.<\/p>\n<p><a href=\"http:\/\/www.hanssteinmeier.de\/auftrittscoaching\/wp-content\/uploads\/hypnotherapie-top.jpg\"><img loading=\"lazy\" decoding=\"async\" class=\"alignright wp-image-166 size-medium\" src=\"http:\/\/www.hanssteinmeier.de\/auftrittscoaching\/wp-content\/uploads\/hypnotherapie-top-300x116.jpg\" alt=\"\" width=\"300\" height=\"116\" srcset=\"http:\/\/www.hanssteinmeier.de\/auftrittscoaching\/wp-content\/uploads\/hypnotherapie-top-300x116.jpg 300w, http:\/\/www.hanssteinmeier.de\/auftrittscoaching\/wp-content\/uploads\/hypnotherapie-top-768x298.jpg 768w, http:\/\/www.hanssteinmeier.de\/auftrittscoaching\/wp-content\/uploads\/hypnotherapie-top-1024x397.jpg 1024w, http:\/\/www.hanssteinmeier.de\/auftrittscoaching\/wp-content\/uploads\/hypnotherapie-top-500x194.jpg 500w, http:\/\/www.hanssteinmeier.de\/auftrittscoaching\/wp-content\/uploads\/hypnotherapie-top.jpg 1110w\" sizes=\"auto, (max-width: 300px) 100vw, 300px\" \/><\/a>Es muss nicht immer der gro\u00dfe Auftritt vor einem gro\u00dfen Publikum sein. Ein Bewerbungsgespr\u00e4ch, eine Pr\u00fcfung oder ein Dating k\u00f6nnen gleicherma\u00dfen solche Ph\u00e4nomene ausl\u00f6sen.<\/p>\n<p>Achten Sie bitte in Vorstellungsrunden einmal auf die K\u00f6rpersprache, Mimik und Gestik von Menschen, und zwar zu dem Zeitpunkt, wenn nur noch wenige Teilnehmer vor dem eigenen Beitrag an der Reihe sind. Oft wird nicht mehr wahrgenommen, was die unmittelbaren Vorg\u00e4nger \u00fcber sich erz\u00e4hlen, denn wir sind in diesem Moment nahezu ausschlie\u00dflich damit besch\u00e4ftigt, unseren eigenen Auftritt vorzubereiten. Oft lassen sich Unruhe, allgemeine Anspannung, ein erh\u00f6hter Muskeltonus, wackelige Beine, Herzrasen, Schwei\u00dfausbr\u00fcche, ein nerv\u00f6ser Magen, Mundtrockenheit oder nerv\u00f6se Flecken auf der Haut beobachten. Allgemeine K\u00f6rpersensationen, die als Folge einer \u00fcberschie\u00dfenden Reaktion unseres unbewussten, autonomen Nervensystems auftreten.<\/p>\n<p>Viele dieser Ph\u00e4nomene lassen sich mit effizienten und effektiven Coaching-Methoden abschw\u00e4chen oder sogar ganz ausl\u00f6schen.<\/p>\n<p>Wird die B\u00fchne f\u00fcr uns zum Wohlf\u00fchlort, k\u00f6nnen wir dieses gute Gef\u00fchl auf das Publikum \u00fcbertragen und Menschen \u00fcberzeugen oder sogar begeistern.<\/p>\n<p><strong>Wenn Angst \u201eauftritt\u201c<\/strong><\/p>\n<p><a href=\"http:\/\/www.hanssteinmeier.de\/auftrittscoaching\/wp-content\/uploads\/PhotobychuttersnaponUnsplash-sw.jpg\"><img loading=\"lazy\" decoding=\"async\" class=\"alignright wp-image-174 \" src=\"http:\/\/www.hanssteinmeier.de\/auftrittscoaching\/wp-content\/uploads\/PhotobychuttersnaponUnsplash-sw-300x200.jpg\" alt=\"\" width=\"241\" height=\"164\" \/><\/a>Ein gutes Ma\u00df an Lampenfieber versetzt uns in einen hochkonzentrierten, fokussierten Zustand, in dem unser System auf Hochtouren l\u00e4uft und uns alle notwendigen Energien zur Verf\u00fcgung stellt. Diese Energien erm\u00f6glichen zumeist ein leistungssteigerndes und positives Auftrittserleben. Ein zu hohes Ma\u00df an Lampenfieber, Auftrittsstress oder sogar Angst und die damit verbundene hohe Nervosit\u00e4t kann w\u00e4hrend eines Auftritts, einer Rede oder einer Pr\u00e4sentation unsere angestrebte Leistung beeintr\u00e4chtigen oder sogar aufgrund von Blackouts oder vegetativen Symptomen verhindern. Mit zunehmender Anspannung verlieren wir oft an Ausstrahlung und \u00dcberzeugungskraft.<\/p>\n<p>M\u00f6glicherweise werden in diesem Kontext innere archaische Grundmuster reaktiviert. Wir werden von Menschen beobachtet, geh\u00f6rt und bewertet, von denen wir nicht wissen, ob sie \u201eFreund oder Feind\u201c sind. In solchen Situationen reagiert unser \u00e4ltester Teil des Gehirns, unser Stammhirn, nach dem uraltem triadischen Muster von Kampf, Flucht oder Erstarrung.<\/p>\n<p>Angst ist keine Krankheit, sondern eine grundlegende nat\u00fcrliche Reaktion unseres Nervensystems auf gefahrenvolle, unvorhergesehene oder unsichere Situationen. Was w\u00e4hrend eines Auftritts in unserem Umfeld passieren kann, k\u00f6nnen wir nicht vorausahnen. Wir k\u00f6nnen uns aber mental und emotional so trainieren und aufstellen, dass wir spontan auftretende Ereignisse als positive Herausforderung selbstsicher annehmen.<\/p>\n<p>Die B\u00fchne ist ein Ort der Ambivalenz. Wir k\u00f6nnen gro\u00dfe Erfolge feiern, Anerkennung erhalten, auf das Podest gehoben werden, bejubelt werden.<\/p>\n<p>In den Momenten, in denen wir die von uns selbst erwartete oder die vom Publikum, der Zuh\u00f6rerschaft oder vom Kollegium erwartete Leistung nicht erbringen, ist es m\u00f6glich, dass wir Entt\u00e4uschung, Abwertung oder Gefahr erleben.<\/p>\n<blockquote><p>\u201eDie B\u00fchne ist das Vergr\u00f6\u00dferungsglas f\u00fcr das Selbstwertgef\u00fchl\u201c<br \/>\n(Dr. med. Michael Bohne)<\/p><\/blockquote>\n<p>Unsere innere Haltung, sowie unsere eigenen Anspr\u00fcche, in Bezug auf Selbstbild, Leistung, Perfektionsanspruch, Umgang mit Fehlern und \u201everpatzten\u201c Situationen sind, situations- und kontextbezogen, instrumentell, emotional und kognitiv ver\u00e4nderbar und optimierbar.<\/p>\n<p><strong>Ich unterst\u00fctze Sie bei Ihrem Anliegen die B\u00fchne als sicheren \u201eWohlf\u00fchlort\u201c zu erleben<\/strong><\/p>\n<ul>\n<li>Selbstwerttraining, Verbesserung des Selbstwertgef\u00fchls und der Selbstbeziehung<\/li>\n<li>Training zur Fokussierung der Aufmerksamkeit<\/li>\n<li>Emotions- und Stressregulation<\/li>\n<li>Analyse und Transformation der bisherigen pers\u00f6nlichen \u201eB\u00fchnenstressoren\u201c<\/li>\n<li>Imagination von zuk\u00fcnftig angestrebten \u201eB\u00fchnenkompetenzen\u201c<\/li>\n<li>Neutralisierung von dysfunktionalen \u201eB\u00fchnenerlebnissen\u201c, Umgang mit Fehlern<\/li>\n<li>Transformation von dys-oder parafunktionalen Verhaltensweisen, Gedanken, Emotionen und Loyalit\u00e4ten<\/li>\n<li>Optimierung der K\u00f6rpersprache und der K\u00f6rperempfindungen<\/li>\n<li>Mentales Training<\/li>\n<\/ul>\n<p><strong>Selbstsicher auftreten, Auftrittsstress und Auftrittsangst bew\u00e4ltigen<\/strong><\/p>\n<ul>\n<li>Konzert<\/li>\n<li>Probespiel<\/li>\n<li>Casting (Theater, Musical, Film, TV-Formate)<\/li>\n<li>Auff\u00fchrung<\/li>\n<li>Pr\u00e4sentation<\/li>\n<li>Rede und Vortrag<\/li>\n<li>Interview<\/li>\n<li>Pr\u00fcfung<\/li>\n<li>Wettbewerb<\/li>\n<li>Bewerbungsgespr\u00e4ch<\/li>\n<li>Dating<\/li>\n<\/ul>\n<p><a href=\"https:\/\/www.dr-michael-bohne.de\/team-der-auftrittscoaches.html\"><img loading=\"lazy\" decoding=\"async\" class=\"alignright size-full wp-image-104\" src=\"http:\/\/www.hanssteinmeier.de\/auftrittscoaching\/wp-content\/uploads\/PEP-03.jpg\" alt=\"\" width=\"177\" height=\"169\" \/><\/a>Mit PEP\u00ae (Prozess- und embodimentfokussierte Psychologie) nach Dr. med. Bohne erlernen Sie eine selbstwirksame und hocheffektive Methode zur Reduzierung oder Ausl\u00f6schung Ihres st\u00f6renden Lampenfiebers oder Ihrer Auftrittsangst. Methoden der Kognitiven Verhaltenstherapie und der l\u00f6sungsorientierten Kurzzeittherapie sind, ebenso wie die Hypnosetherapie nach Dr. Norbert Preetz (Deutsches Institut f\u00fcr klinische Hypnose) hoch effiziente und effektive Instrumente.<\/p>\n","protected":false},"excerpt":{"rendered":"<p>Auftrittscoaching | Musikercoaching | K\u00fcnstlercoaching Probespieltraining | B\u00fchnen-Casting-Coaching | Performanceoptimierung |\u00a0 \u00dcberwindung von Auftrittsangst, st\u00f6rendem Lampenfieber, Redeangst, Pr\u00fcfungsangst \u201eDas menschliche Gehirn ist eine gro\u00dfartige Sache. Es funktioniert bis zu dem Zeitpunkt, wo du aufstehst, um eine Rede zu halten.\u201c\u00a0 (Mark &hellip; <a href=\"http:\/\/www.hanssteinmeier.de\/auftrittscoaching\/\">Weiterlesen <span class=\"meta-nav\">&rarr;<\/span><\/a><\/p>\n","protected":false},"author":1,"featured_media":0,"parent":0,"menu_order":0,"comment_status":"closed","ping_status":"closed","template":"sidebar-page.php","meta":{"footnotes":""},"class_list":["post-10","page","type-page","status-publish","hentry"],"yoast_head":"<!-- This site is optimized with the Yoast SEO plugin v27.4 - https:\/\/yoast.com\/product\/yoast-seo-wordpress\/ -->\n<title>Home - Auftrittscoaching | Musikercoaching<\/title>\n<meta name=\"description\" content=\"Das Gef\u00fchl von Nervosit\u00e4t, Unsicherheit und vielleicht auch Angst tritt oft bei uns Menschen auf, wenn wir bewertend beobachtet werden ...\" \/>\n<meta name=\"robots\" content=\"index, follow, max-snippet:-1, max-image-preview:large, max-video-preview:-1\" \/>\n<link rel=\"canonical\" href=\"http:\/\/www.hanssteinmeier.de\/auftrittscoaching\/\" \/>\n<meta property=\"og:locale\" content=\"de_DE\" \/>\n<meta property=\"og:type\" content=\"article\" \/>\n<meta property=\"og:title\" content=\"Home - Auftrittscoaching | Musikercoaching\" \/>\n<meta property=\"og:description\" content=\"Das Gef\u00fchl von Nervosit\u00e4t, Unsicherheit und vielleicht auch Angst tritt oft bei uns Menschen auf, wenn wir bewertend beobachtet werden ...\" \/>\n<meta property=\"og:url\" content=\"http:\/\/www.hanssteinmeier.de\/auftrittscoaching\/\" \/>\n<meta property=\"og:site_name\" content=\"Auftrittscoaching | Musikercoaching\" \/>\n<meta property=\"article:modified_time\" content=\"2025-09-06T17:33:57+00:00\" \/>\n<meta property=\"og:image\" content=\"http:\/\/www.hanssteinmeier.de\/auftrittscoaching\/wp-content\/uploads\/hypnotherapie-top-300x116.jpg\" \/>\n<meta name=\"twitter:card\" content=\"summary_large_image\" \/>\n<meta name=\"twitter:label1\" content=\"Gesch\u00e4tzte Lesezeit\" \/>\n\t<meta name=\"twitter:data1\" content=\"5\u00a0Minuten\" \/>\n<script type=\"application\/ld+json\" class=\"yoast-schema-graph\">{\"@context\":\"https:\\\/\\\/schema.org\",\"@graph\":[{\"@type\":\"WebPage\",\"@id\":\"http:\\\/\\\/www.hanssteinmeier.de\\\/auftrittscoaching\\\/\",\"url\":\"http:\\\/\\\/www.hanssteinmeier.de\\\/auftrittscoaching\\\/\",\"name\":\"Home - Auftrittscoaching | Musikercoaching\",\"isPartOf\":{\"@id\":\"http:\\\/\\\/www.hanssteinmeier.de\\\/auftrittscoaching\\\/#website\"},\"primaryImageOfPage\":{\"@id\":\"http:\\\/\\\/www.hanssteinmeier.de\\\/auftrittscoaching\\\/#primaryimage\"},\"image\":{\"@id\":\"http:\\\/\\\/www.hanssteinmeier.de\\\/auftrittscoaching\\\/#primaryimage\"},\"thumbnailUrl\":\"http:\\\/\\\/www.hanssteinmeier.de\\\/auftrittscoaching\\\/wp-content\\\/uploads\\\/hypnotherapie-top-300x116.jpg\",\"datePublished\":\"2018-12-21T19:26:00+00:00\",\"dateModified\":\"2025-09-06T17:33:57+00:00\",\"description\":\"Das Gef\u00fchl von Nervosit\u00e4t, Unsicherheit und vielleicht auch Angst tritt oft bei uns Menschen auf, wenn wir bewertend beobachtet werden ...\",\"breadcrumb\":{\"@id\":\"http:\\\/\\\/www.hanssteinmeier.de\\\/auftrittscoaching\\\/#breadcrumb\"},\"inLanguage\":\"de\",\"potentialAction\":[{\"@type\":\"ReadAction\",\"target\":[\"http:\\\/\\\/www.hanssteinmeier.de\\\/auftrittscoaching\\\/\"]}]},{\"@type\":\"ImageObject\",\"inLanguage\":\"de\",\"@id\":\"http:\\\/\\\/www.hanssteinmeier.de\\\/auftrittscoaching\\\/#primaryimage\",\"url\":\"http:\\\/\\\/www.hanssteinmeier.de\\\/auftrittscoaching\\\/wp-content\\\/uploads\\\/hypnotherapie-top.jpg\",\"contentUrl\":\"http:\\\/\\\/www.hanssteinmeier.de\\\/auftrittscoaching\\\/wp-content\\\/uploads\\\/hypnotherapie-top.jpg\",\"width\":1110,\"height\":430},{\"@type\":\"BreadcrumbList\",\"@id\":\"http:\\\/\\\/www.hanssteinmeier.de\\\/auftrittscoaching\\\/#breadcrumb\",\"itemListElement\":[{\"@type\":\"ListItem\",\"position\":1,\"name\":\"Startseite\",\"item\":\"http:\\\/\\\/www.hanssteinmeier.de\\\/auftrittscoaching\\\/\"},{\"@type\":\"ListItem\",\"position\":2,\"name\":\"Home\"}]},{\"@type\":\"WebSite\",\"@id\":\"http:\\\/\\\/www.hanssteinmeier.de\\\/auftrittscoaching\\\/#website\",\"url\":\"http:\\\/\\\/www.hanssteinmeier.de\\\/auftrittscoaching\\\/\",\"name\":\"Auftrittscoaching | Musikercoaching\",\"description\":\"Hans Steinmeier | Coaching, Beratung, Psychotherapie nach Heilpraktikergesetz\",\"publisher\":{\"@id\":\"http:\\\/\\\/www.hanssteinmeier.de\\\/auftrittscoaching\\\/#organization\"},\"potentialAction\":[{\"@type\":\"SearchAction\",\"target\":{\"@type\":\"EntryPoint\",\"urlTemplate\":\"http:\\\/\\\/www.hanssteinmeier.de\\\/auftrittscoaching\\\/?s={search_term_string}\"},\"query-input\":{\"@type\":\"PropertyValueSpecification\",\"valueRequired\":true,\"valueName\":\"search_term_string\"}}],\"inLanguage\":\"de\"},{\"@type\":\"Organization\",\"@id\":\"http:\\\/\\\/www.hanssteinmeier.de\\\/auftrittscoaching\\\/#organization\",\"name\":\"Auftrittscoaching | Musikercoaching\",\"url\":\"http:\\\/\\\/www.hanssteinmeier.de\\\/auftrittscoaching\\\/\",\"logo\":{\"@type\":\"ImageObject\",\"inLanguage\":\"de\",\"@id\":\"http:\\\/\\\/www.hanssteinmeier.de\\\/auftrittscoaching\\\/#\\\/schema\\\/logo\\\/image\\\/\",\"url\":\"http:\\\/\\\/www.hanssteinmeier.de\\\/auftrittscoaching\\\/wp-content\\\/uploads\\\/steinmeier_logo-27.01-tranzparent.png\",\"contentUrl\":\"http:\\\/\\\/www.hanssteinmeier.de\\\/auftrittscoaching\\\/wp-content\\\/uploads\\\/steinmeier_logo-27.01-tranzparent.png\",\"width\":188,\"height\":98,\"caption\":\"Auftrittscoaching | Musikercoaching\"},\"image\":{\"@id\":\"http:\\\/\\\/www.hanssteinmeier.de\\\/auftrittscoaching\\\/#\\\/schema\\\/logo\\\/image\\\/\"}}]}<\/script>\n<!-- \/ Yoast SEO plugin. -->","yoast_head_json":{"title":"Home - Auftrittscoaching | Musikercoaching","description":"Das Gef\u00fchl von Nervosit\u00e4t, Unsicherheit und vielleicht auch Angst tritt oft bei uns Menschen auf, wenn wir bewertend beobachtet werden ...","robots":{"index":"index","follow":"follow","max-snippet":"max-snippet:-1","max-image-preview":"max-image-preview:large","max-video-preview":"max-video-preview:-1"},"canonical":"http:\/\/www.hanssteinmeier.de\/auftrittscoaching\/","og_locale":"de_DE","og_type":"article","og_title":"Home - Auftrittscoaching | Musikercoaching","og_description":"Das Gef\u00fchl von Nervosit\u00e4t, Unsicherheit und vielleicht auch Angst tritt oft bei uns Menschen auf, wenn wir bewertend beobachtet werden ...","og_url":"http:\/\/www.hanssteinmeier.de\/auftrittscoaching\/","og_site_name":"Auftrittscoaching | Musikercoaching","article_modified_time":"2025-09-06T17:33:57+00:00","og_image":[{"url":"http:\/\/www.hanssteinmeier.de\/auftrittscoaching\/wp-content\/uploads\/hypnotherapie-top-300x116.jpg","type":"","width":"","height":""}],"twitter_card":"summary_large_image","twitter_misc":{"Gesch\u00e4tzte Lesezeit":"5\u00a0Minuten"},"schema":{"@context":"https:\/\/schema.org","@graph":[{"@type":"WebPage","@id":"http:\/\/www.hanssteinmeier.de\/auftrittscoaching\/","url":"http:\/\/www.hanssteinmeier.de\/auftrittscoaching\/","name":"Home - Auftrittscoaching | Musikercoaching","isPartOf":{"@id":"http:\/\/www.hanssteinmeier.de\/auftrittscoaching\/#website"},"primaryImageOfPage":{"@id":"http:\/\/www.hanssteinmeier.de\/auftrittscoaching\/#primaryimage"},"image":{"@id":"http:\/\/www.hanssteinmeier.de\/auftrittscoaching\/#primaryimage"},"thumbnailUrl":"http:\/\/www.hanssteinmeier.de\/auftrittscoaching\/wp-content\/uploads\/hypnotherapie-top-300x116.jpg","datePublished":"2018-12-21T19:26:00+00:00","dateModified":"2025-09-06T17:33:57+00:00","description":"Das Gef\u00fchl von Nervosit\u00e4t, Unsicherheit und vielleicht auch Angst tritt oft bei uns Menschen auf, wenn wir bewertend beobachtet werden ...","breadcrumb":{"@id":"http:\/\/www.hanssteinmeier.de\/auftrittscoaching\/#breadcrumb"},"inLanguage":"de","potentialAction":[{"@type":"ReadAction","target":["http:\/\/www.hanssteinmeier.de\/auftrittscoaching\/"]}]},{"@type":"ImageObject","inLanguage":"de","@id":"http:\/\/www.hanssteinmeier.de\/auftrittscoaching\/#primaryimage","url":"http:\/\/www.hanssteinmeier.de\/auftrittscoaching\/wp-content\/uploads\/hypnotherapie-top.jpg","contentUrl":"http:\/\/www.hanssteinmeier.de\/auftrittscoaching\/wp-content\/uploads\/hypnotherapie-top.jpg","width":1110,"height":430},{"@type":"BreadcrumbList","@id":"http:\/\/www.hanssteinmeier.de\/auftrittscoaching\/#breadcrumb","itemListElement":[{"@type":"ListItem","position":1,"name":"Startseite","item":"http:\/\/www.hanssteinmeier.de\/auftrittscoaching\/"},{"@type":"ListItem","position":2,"name":"Home"}]},{"@type":"WebSite","@id":"http:\/\/www.hanssteinmeier.de\/auftrittscoaching\/#website","url":"http:\/\/www.hanssteinmeier.de\/auftrittscoaching\/","name":"Auftrittscoaching | Musikercoaching","description":"Hans Steinmeier | Coaching, Beratung, Psychotherapie nach Heilpraktikergesetz","publisher":{"@id":"http:\/\/www.hanssteinmeier.de\/auftrittscoaching\/#organization"},"potentialAction":[{"@type":"SearchAction","target":{"@type":"EntryPoint","urlTemplate":"http:\/\/www.hanssteinmeier.de\/auftrittscoaching\/?s={search_term_string}"},"query-input":{"@type":"PropertyValueSpecification","valueRequired":true,"valueName":"search_term_string"}}],"inLanguage":"de"},{"@type":"Organization","@id":"http:\/\/www.hanssteinmeier.de\/auftrittscoaching\/#organization","name":"Auftrittscoaching | Musikercoaching","url":"http:\/\/www.hanssteinmeier.de\/auftrittscoaching\/","logo":{"@type":"ImageObject","inLanguage":"de","@id":"http:\/\/www.hanssteinmeier.de\/auftrittscoaching\/#\/schema\/logo\/image\/","url":"http:\/\/www.hanssteinmeier.de\/auftrittscoaching\/wp-content\/uploads\/steinmeier_logo-27.01-tranzparent.png","contentUrl":"http:\/\/www.hanssteinmeier.de\/auftrittscoaching\/wp-content\/uploads\/steinmeier_logo-27.01-tranzparent.png","width":188,"height":98,"caption":"Auftrittscoaching | Musikercoaching"},"image":{"@id":"http:\/\/www.hanssteinmeier.de\/auftrittscoaching\/#\/schema\/logo\/image\/"}}]}},"_links":{"self":[{"href":"http:\/\/www.hanssteinmeier.de\/auftrittscoaching\/wp-json\/wp\/v2\/pages\/10","targetHints":{"allow":["GET"]}}],"collection":[{"href":"http:\/\/www.hanssteinmeier.de\/auftrittscoaching\/wp-json\/wp\/v2\/pages"}],"about":[{"href":"http:\/\/www.hanssteinmeier.de\/auftrittscoaching\/wp-json\/wp\/v2\/types\/page"}],"author":[{"embeddable":true,"href":"http:\/\/www.hanssteinmeier.de\/auftrittscoaching\/wp-json\/wp\/v2\/users\/1"}],"replies":[{"embeddable":true,"href":"http:\/\/www.hanssteinmeier.de\/auftrittscoaching\/wp-json\/wp\/v2\/comments?post=10"}],"version-history":[{"count":16,"href":"http:\/\/www.hanssteinmeier.de\/auftrittscoaching\/wp-json\/wp\/v2\/pages\/10\/revisions"}],"predecessor-version":[{"id":175,"href":"http:\/\/www.hanssteinmeier.de\/auftrittscoaching\/wp-json\/wp\/v2\/pages\/10\/revisions\/175"}],"wp:attachment":[{"href":"http:\/\/www.hanssteinmeier.de\/auftrittscoaching\/wp-json\/wp\/v2\/media?parent=10"}],"curies":[{"name":"wp","href":"https:\/\/api.w.org\/{rel}","templated":true}]}}